{"id":15,"date":"2014-09-13T06:12:56","date_gmt":"2014-09-13T06:12:56","guid":{"rendered":"http:\/\/isprojekt.com.pl\/?page_id=15"},"modified":"2025-09-01T19:29:03","modified_gmt":"2025-09-01T19:29:03","slug":"onas","status":"publish","type":"page","link":"https:\/\/isprojekt.com.pl\/","title":{"rendered":"O nas"},"content":{"rendered":"<div class=\"custom-spacer\" style=\"height: 30px;\"><\/div>\n<div class=\"two-column-layout\">\n<div class=\"column\">\n<h3 class=\"custom-separator\">O Nas<\/h3>\n<div class=\"text-justify\">\n<p>Nasze biuro zajmuje si\u0119 opracowywaniem dokumentacji projektowych w bran\u017cy instalacyjnej pocz\u0105wszy od etapu koncepcji, przez projekt budowlany, wykonawczy, przetargowy a\u017c do dokumentacji powykonawczej. W trakcie procesu inwestycyjnego pozyskujemy warunki techniczne, uzgodnienia dokumentacji projektowych, wymagane decyzje administracyjne.<\/p>\n<p>Posiadamy uprawnienia do projektowania w bran\u017cy instalacyjnej bez ogranicze\u0144 i prowadzimy dzia\u0142alno\u015b\u0107 projektow\u0105 w ca\u0142ym zakresie posiadanych uprawnie\u0144. W ramach swoich dzia\u0142a\u0144 zajmujemy si\u0119 r\u00f3wnie\u017c doradztwem, koordynacj\u0105 realizacji oraz nadzorem. Stosujemy r\u00f3\u017cnorodne technologie zapewniaj\u0105ce wysoki standard oraz korzystne parametry ekonomiczne a w trakcie opracowywania dokumentacji zawsze pozostajemy w \u015bcis\u0142ej wsp\u00f3\u0142pracy z Inwestorem.<\/p>\n<\/p><\/div>\n<\/p><\/div>\n<div class=\"column\">\n<h3 class=\"custom-separator\">Oferta<\/h3>\n<p>Nasza sp\u00f3\u0142ka wykonuje kompletne dokumentacje projektowe w nast\u0119puj\u0105cym zakresie:<\/p>\n<ul class=\"custom-check-list\">\n<li>instalacje wewn\u0119trzne wodoci\u0105gowe, kanalizacyjne, gazowe, centralnego ogrzewania, wentylacyjne, klimatyzacyjne<\/li>\n<li>kot\u0142ownie, w\u0119z\u0142y cieplne<\/li>\n<li>sieci i przy\u0142\u0105cza wodoci\u0105gowe, kanalizacyjne, gazowe, cieplne<\/li>\n<li>charakterystyki energetyczne budynk\u00f3w<\/li>\n<li>operaty wodnoprawne<\/li>\n<li>decyzje administracyjne, lokalizacyjne i pozwolenia na budow\u0119<\/li>\n<\/ul><\/div>\n<\/div>\n<div class=\"custom-spacer\" style=\"height: 10px;\"><\/div>\n<h3 class=\"custom-separator\">Zesp\u00f3\u0142 projektowy<\/h3>\n<div class=\"custom-spacer\" style=\"height: 10px;\"><\/div>\n<div class=\"team-grid\">\n<div class=\"team-member\" data-email=\"ireneusz.nowak@isprojekt.com.pl\">\n        <span class=\"member-name\">mgr in\u017c. Ireneusz Nowak \u2013 projektant<\/span>\n    <\/div>\n<div class=\"team-member\" data-email=\"slawek.siwadlo@isprojekt.com.pl\">\n        <span class=\"member-name\">mgr in\u017c. S\u0142awomir Siwad\u0142o \u2013 projektant<\/span>\n    <\/div>\n<div class=\"team-member\">\n        <span class=\"member-name\">mgr in\u017c. And\u017celika D\u0105browicz &#8211; asystent projektanta<\/span>\n    <\/div>\n<div class=\"team-member\">\n        <span class=\"member-name\">mgr in\u017c. Aleksandra Suwa\u0142a \u2013 asystent projektanta<\/span>\n    <\/div>\n<div class=\"team-member\">\n        <span class=\"member-name\">mgr in\u017c. Wojciech Ciupak &#8211; asystent projektanta<\/span>\n    <\/div>\n<\/div>\n<div class=\"custom-spacer\" style=\"height: 30px;\"><\/div>\n<h3 class=\"custom-separator\">Nasi partnerzy<\/h3>\n<div class=\"partners-carousel\">\n    <!-- Tutaj zostanie wstawiony shortcode carousel przez WordPress --><br \/>\n    <ul class=\"kiwi-logo-carousel kiwi-logo-carousel-default default align-center col4\"><li style=\"height:85px;\"><a target=\"_blank\" href=\"http:\/\/www.start.com.pl\/\"><div class=\"helper\" style=\"height:85px; width:181px;\" ><img decoding=\"async\" src=\"https:\/\/isprojekt.com.pl\/wp-content\/uploads\/2014\/09\/start.jpg\" alt=\"START\" title=\"START\"><\/div><\/a><\/li><li style=\"height:85px;\"><a target=\"_blank\" href=\"http:\/\/www.activ-investment.eu\/\"><div class=\"helper\" style=\"height:85px; width:181px;\" ><img decoding=\"async\" src=\"https:\/\/isprojekt.com.pl\/wp-content\/uploads\/2014\/09\/activ.jpg\" alt=\"Activ\" title=\"Activ\"><\/div><\/a><\/li><li style=\"height:85px;\"><a target=\"_blank\" href=\"http:\/\/www.pxm-projekt.krakow.pl\/\"><div class=\"helper\" style=\"height:85px; width:181px;\" ><img decoding=\"async\" src=\"https:\/\/isprojekt.com.pl\/wp-content\/uploads\/2014\/09\/polimex.jpg\" alt=\"Polimex\" title=\"Polimex\"><\/div><\/a><\/li><li style=\"height:85px;\"><a target=\"_blank\" href=\"http:\/\/www.mpmosty.pl\/\"><div class=\"helper\" style=\"height:85px; width:181px;\" ><img decoding=\"async\" src=\"https:\/\/isprojekt.com.pl\/wp-content\/uploads\/2014\/09\/mpmosty.jpg\" alt=\"MP Mosty\" title=\"MP Mosty\"><\/div><\/a><\/li><li style=\"height:85px;\"><a target=\"_blank\" href=\"http:\/\/www.fraxbud.pl\/\"><div class=\"helper\" style=\"height:85px; width:181px;\" ><img decoding=\"async\" src=\"https:\/\/isprojekt.com.pl\/wp-content\/uploads\/2014\/09\/fraxbud.jpg\" alt=\"Frax Bud\" title=\"Frax Bud\"><\/div><\/a><\/li><li style=\"height:85px;\"><a target=\"_blank\" href=\"http:\/\/q-arch.pl\/\"><div class=\"helper\" style=\"height:85px; width:181px;\" ><img decoding=\"async\" src=\"https:\/\/isprojekt.com.pl\/wp-content\/uploads\/2014\/09\/qarch.png\" alt=\"Qarch\" title=\"Qarch\"><\/div><\/a><\/li><li style=\"height:85px;\"><a target=\"_blank\" href=\"http:\/\/www.arch-pro.pl\"><div class=\"helper\" style=\"height:85px; width:181px;\" ><img decoding=\"async\" src=\"https:\/\/isprojekt.com.pl\/wp-content\/uploads\/2014\/09\/archpolo.jpg\" alt=\"Arch Pro\" title=\"Arch Pro\"><\/div><\/a><\/li><li style=\"height:85px;\"><a target=\"_blank\" href=\"http:\/\/www.perspektywa-krakow.pl\/\"><div class=\"helper\" style=\"height:85px; width:181px;\" ><img decoding=\"async\" src=\"https:\/\/isprojekt.com.pl\/wp-content\/uploads\/2014\/09\/perspektywa.png\" alt=\"Perspektywa\" title=\"Perspektywa\"><\/div><\/a><\/li><li style=\"height:85px;\"><a target=\"_blank\" href=\"http:\/\/www.gmina.czernichow.pl\/\"><div class=\"helper\" style=\"height:85px; width:181px;\" ><img decoding=\"async\" src=\"https:\/\/isprojekt.com.pl\/wp-content\/uploads\/2014\/09\/czernichow1.jpg\" alt=\"Czernichow\" title=\"Czernichow\"><\/div><\/a><\/li><li style=\"height:85px;\"><a target=\"_blank\" href=\"http:\/\/www.janpawel2.pl\/\"><div class=\"helper\" style=\"height:85px; width:181px;\" ><img decoding=\"async\" src=\"https:\/\/isprojekt.com.pl\/wp-content\/uploads\/2014\/09\/centrum.jpg\" alt=\"centrum\" title=\"centrum\"><\/div><\/a><\/li><\/ul><\/p>\n<\/div>\n","protected":false},"excerpt":{"rendered":"<p>O Nas Nasze biuro zajmuje si\u0119 opracowywaniem dokumentacji projektowych w bran\u017cy instalacyjnej pocz\u0105wszy od etapu koncepcji, przez projekt budowlany, wykonawczy, przetargowy a\u017c do dokumentacji powykonawczej. W trakcie procesu inwestycyjnego pozyskujemy warunki techniczne, uzgodnienia dokumentacji projektowych, wymagane decyzje administracyjne. Posiadamy uprawnienia do projektowania w bran\u017cy instalacyjnej bez ogranicze\u0144 i prowadzimy dzia\u0142alno\u015b\u0107 projektow\u0105 w ca\u0142ym zakresie posiadanych&hellip;&nbsp;<a href=\"https:\/\/isprojekt.com.pl\/\" rel=\"bookmark\"><span class=\"screen-reader-text\">O nas<\/span><\/a><\/p>\n","protected":false},"author":1,"featured_media":0,"parent":0,"menu_order":0,"comment_status":"closed","ping_status":"closed","template":"","meta":{"neve_meta_sidebar":"","neve_meta_container":"","neve_meta_enable_content_width":"","neve_meta_content_width":0,"neve_meta_title_alignment":"","neve_meta_author_avatar":"","neve_post_elements_order":"","neve_meta_disable_header":"","neve_meta_disable_footer":"","neve_meta_disable_title":"","footnotes":""},"class_list":["post-15","page","type-page","status-publish","hentry"],"_links":{"self":[{"href":"https:\/\/isprojekt.com.pl\/index.php?rest_route=\/wp\/v2\/pages\/15","targetHints":{"allow":["GET"]}}],"collection":[{"href":"https:\/\/isprojekt.com.pl\/index.php?rest_route=\/wp\/v2\/pages"}],"about":[{"href":"https:\/\/isprojekt.com.pl\/index.php?rest_route=\/wp\/v2\/types\/page"}],"author":[{"embeddable":true,"href":"https:\/\/isprojekt.com.pl\/index.php?rest_route=\/wp\/v2\/users\/1"}],"replies":[{"embeddable":true,"href":"https:\/\/isprojekt.com.pl\/index.php?rest_route=%2Fwp%2Fv2%2Fcomments&post=15"}],"version-history":[{"count":40,"href":"https:\/\/isprojekt.com.pl\/index.php?rest_route=\/wp\/v2\/pages\/15\/revisions"}],"predecessor-version":[{"id":249,"href":"https:\/\/isprojekt.com.pl\/index.php?rest_route=\/wp\/v2\/pages\/15\/revisions\/249"}],"wp:attachment":[{"href":"https:\/\/isprojekt.com.pl\/index.php?rest_route=%2Fwp%2Fv2%2Fmedia&parent=15"}],"curies":[{"name":"wp","href":"https:\/\/api.w.org\/{rel}","templated":true}]}}